{"id":1587,"date":"2021-01-26T09:10:58","date_gmt":"2021-01-26T08:10:58","guid":{"rendered":"https:\/\/svedik.cz\/contact\/"},"modified":"2023-08-31T09:03:25","modified_gmt":"2023-08-31T08:03:25","slug":"contact","status":"publish","type":"page","link":"https:\/\/svedik.cz\/en\/contact\/","title":{"rendered":"Contact"},"content":{"rendered":"<p>[et_pb_section fb_built=&#8221;1&#8243; custom_padding_last_edited=&#8221;off|tablet&#8221; _builder_version=&#8221;4.7.7&#8243; _module_preset=&#8221;default&#8221; background_color=&#8221;rgba(23,47,89,0.5)&#8221; background_image=&#8221;https:\/\/svedik.cz\/wp-content\/uploads\/2021\/04\/svedik-transport-banner-kontakt-novy.jpg&#8221; background_blend=&#8221;multiply&#8221; custom_padding=&#8221;9vh||9vh||true|false&#8221; custom_padding_tablet=&#8221;3vh||0vh||false|false&#8221; custom_padding_phone=&#8221;1vh||||false|false&#8221;][et_pb_row _builder_version=&#8221;4.7.7&#8243; _module_preset=&#8221;default&#8221; vertical_offset=&#8221;0px&#8221; horizontal_offset_tablet=&#8221;-205px&#8221; horizontal_offset_phone=&#8221;0px&#8221; horizontal_offset_last_edited=&#8221;off|desktop&#8221; width=&#8221;35%&#8221; width_tablet=&#8221;25%&#8221; width_phone=&#8221;38%&#8221; width_last_edited=&#8221;on|tablet&#8221; max_width=&#8221;305px&#8221; custom_margin=&#8221;2vh|auto|6vh|auto|false|false&#8221; custom_margin_tablet=&#8221;1vh|auto|0vh|auto|false|false&#8221; custom_margin_phone=&#8221;&#8221; custom_margin_last_edited=&#8221;on|phone&#8221; custom_padding=&#8221;0px||0px||false|false&#8221; animation_style=&#8221;zoom&#8221; animation_duration=&#8221;1500ms&#8221; animation_delay=&#8221;100ms&#8221; animation_intensity_zoom=&#8221;10%&#8221; scroll_fade=&#8221;0|50|50|100|100%|100|0%&#8221; motion_trigger_start=&#8221;bottom&#8221; module_alignment_tablet=&#8221;&#8221; module_alignment_phone=&#8221;&#8221; module_alignment_last_edited=&#8221;on|phone&#8221;][et_pb_column type=&#8221;4_4&#8243; _builder_version=&#8221;4.7.7&#8243; _module_preset=&#8221;default&#8221; background_color=&#8221;#ffffff&#8221; custom_padding=&#8221;20px|20px|8px|20px|false|false&#8221;][et_pb_text _builder_version=&#8221;4.7.7&#8243; _module_preset=&#8221;default&#8221; header_2_font=&#8221;Roboto|900|||||||&#8221; header_2_text_align=&#8221;center&#8221; header_2_text_color=&#8221;#172f59&#8243; header_2_font_size=&#8221;45px&#8221; header_2_letter_spacing=&#8221;2px&#8221; header_2_text_align_phone=&#8221;center&#8221; header_2_text_align_last_edited=&#8221;off|desktop&#8221; header_2_font_size_tablet=&#8221;25px&#8221; header_2_font_size_phone=&#8221;20px&#8221; header_2_font_size_last_edited=&#8221;on|tablet&#8221; header_2_letter_spacing_tablet=&#8221;&#8221; header_2_letter_spacing_phone=&#8221;1px&#8221; header_2_letter_spacing_last_edited=&#8221;on|phone&#8221;]<\/p>\n<h2>CONTACT<\/h2>\n<p>[\/et_pb_text][\/et_pb_column][\/et_pb_row][\/et_pb_section][et_pb_section fb_built=&#8221;1&#8243; _builder_version=&#8221;4.7.7&#8243; _module_preset=&#8221;default&#8221; custom_margin=&#8221;0px||0px||false|false&#8221; custom_margin_tablet=&#8221;5vh||0px||false|false&#8221; custom_margin_phone=&#8221;&#8221; custom_margin_last_edited=&#8221;on|tablet&#8221; custom_padding=&#8221;0px||0px||false|false&#8221;][et_pb_row disabled_on=&#8221;on|on|off&#8221; _builder_version=&#8221;4.7.7&#8243; _module_preset=&#8221;default&#8221; background_color=&#8221;#172f59&#8243; vertical_offset=&#8221;-32px&#8221; vertical_offset_tablet=&#8221;-50px&#8221; vertical_offset_phone=&#8221;&#8221; vertical_offset_last_edited=&#8221;on|phone&#8221; max_width=&#8221;1800px&#8221; custom_padding=&#8221;25px|0px|10px|20px|false|false&#8221;][et_pb_column type=&#8221;4_4&#8243; _builder_version=&#8221;4.7.7&#8243; _module_preset=&#8221;default&#8221;][et_pb_text _builder_version=&#8221;4.7.7&#8243; _module_preset=&#8221;default&#8221; header_5_font=&#8221;Roboto|300|||||||&#8221; header_5_text_color=&#8221;#ffffff&#8221; header_5_font_size=&#8221;14px&#8221; transform_translate_linked__hover=&#8221;off&#8221; transform_styles__hover_enabled=&#8221;on|hover&#8221; transform_scale__hover_enabled=&#8221;on|desktop&#8221; transform_translate__hover_enabled=&#8221;on|hover&#8221; transform_rotate__hover_enabled=&#8221;on|desktop&#8221; transform_skew__hover_enabled=&#8221;on|desktop&#8221; transform_origin__hover_enabled=&#8221;on|desktop&#8221; transform_translate__hover=&#8221;5px|0px&#8221;]<\/p>\n<h5><a href=\"http:\/\/www.svedik.cz\/\"><strong><\/strong>HOME<\/a> \u2014 <strong>CONTACT<\/strong><\/h5>\n<p>[\/et_pb_text][\/et_pb_column][\/et_pb_row][et_pb_row _builder_version=&#8221;4.7.7&#8243; _module_preset=&#8221;default&#8221; custom_margin=&#8221;5vh|auto|0vh|auto|false|false&#8221; custom_margin_tablet=&#8221;0vh||0vh||false|false&#8221; custom_margin_phone=&#8221;&#8221; custom_margin_last_edited=&#8221;on|tablet&#8221; custom_padding=&#8221;0px||0px|||&#8221;][et_pb_column type=&#8221;4_4&#8243; _builder_version=&#8221;4.7.7&#8243; _module_preset=&#8221;default&#8221;][et_pb_text _builder_version=&#8221;4.7.7&#8243; _module_preset=&#8221;default&#8221; header_3_font=&#8221;Roboto||||||||&#8221; header_3_text_color=&#8221;#172f59&#8243; header_3_font_size=&#8221;35px&#8221; header_3_text_align_tablet=&#8221;center&#8221; header_3_text_align_phone=&#8221;&#8221; header_3_text_align_last_edited=&#8221;on|tablet&#8221; header_3_font_size_tablet=&#8221;30px&#8221; header_3_font_size_phone=&#8221;25px&#8221; header_3_font_size_last_edited=&#8221;on|phone&#8221;]<\/p>\n<h3>Sv\u011bd\u00edk s.r.o.<\/h3>\n<p>[\/et_pb_text][\/et_pb_column][\/et_pb_row][et_pb_row column_structure=&#8221;1_2,1_2&#8243; _builder_version=&#8221;4.7.7&#8243; _module_preset=&#8221;default&#8221; custom_margin=&#8221;0px|auto|7vh|auto|false|false&#8221;][et_pb_column type=&#8221;1_2&#8243; _builder_version=&#8221;4.7.7&#8243; _module_preset=&#8221;default&#8221;][et_pb_text _builder_version=&#8221;4.7.7&#8243; _module_preset=&#8221;default&#8221; text_font=&#8221;Roboto|300|||||||&#8221; text_font_size=&#8221;16px&#8221; text_line_height=&#8221;1.8em&#8221; header_3_font=&#8221;Roboto||||||||&#8221; header_3_text_color=&#8221;#172f59&#8243; header_3_font_size=&#8221;35px&#8221; header_3_font_size_tablet=&#8221;30px&#8221; header_3_font_size_phone=&#8221;25px&#8221; header_3_font_size_last_edited=&#8221;on|phone&#8221; text_orientation_tablet=&#8221;center&#8221; text_orientation_phone=&#8221;&#8221; text_orientation_last_edited=&#8221;on|tablet&#8221;]<\/p>\n<p><strong>CONTACT<\/strong><br \/>Na Kope\u010dku 2<br \/> Star\u00e9 Hradi\u0161t\u011b 533 52<\/p>\n<p><strong>I\u010c<\/strong> 275 477 95<br \/> <strong>DI\u010c<\/strong> CZ 275 477 95<\/p>\n<p><strong>Sp. badge:<\/strong> odd\u00edl C, vlo\u017eka 254 27 Krajsk\u00e9ho soudu v HK<br \/> <span><strong>CZECH DATA INBOX:<\/strong> ghs5jpc<\/span><\/p>\n<p><span><strong>Bank:<\/strong> banka Moneta Money bank<br \/><\/span><span><strong>CZ:<\/strong> 193 819 505\/0600<br \/><\/span><span><strong>EUR:<\/strong> 193 819 855\/0600<br \/><\/span><span><strong>IBAN:<\/strong> CZ6106000 000 000 193 819 855<\/span><\/p>\n<p><strong><span>BIC: <\/span><\/strong>AGBACZPP<strong><br \/> Raal trans ID:<\/strong> A6Z, 9VS, FPM<br \/> <strong>Timocom ID:<\/strong> 211 779<\/p>\n<p>[\/et_pb_text][\/et_pb_column][et_pb_column type=&#8221;1_2&#8243; _builder_version=&#8221;4.7.7&#8243; _module_preset=&#8221;default&#8221;][et_pb_text _builder_version=&#8221;4.7.7&#8243; _module_preset=&#8221;default&#8221; text_font=&#8221;Roboto|300|||||||&#8221; text_font_size=&#8221;16px&#8221; text_line_height=&#8221;1.8em&#8221; header_3_font=&#8221;Roboto||||||||&#8221; header_3_text_color=&#8221;#172f59&#8243; header_3_font_size=&#8221;35px&#8221; header_3_font_size_tablet=&#8221;30px&#8221; header_3_font_size_phone=&#8221;25px&#8221; header_3_font_size_last_edited=&#8221;on|phone&#8221; text_orientation_tablet=&#8221;center&#8221; text_orientation_phone=&#8221;&#8221; text_orientation_last_edited=&#8221;on|tablet&#8221;]<\/p>\n<p><strong>Open hours:<\/strong><br \/> MO\u2014FR 8.00\u201417.00<\/p>\n<p>You can contact us anytime.<\/p>\n<p>The company&#8217;s offices are located on the company&#8217;s premises <span>HASTEX &amp; HASPR<\/span>:<br \/> <strong>Na Kope\u010dku 3, Srch 533 52<\/strong><\/p>\n<p>[\/et_pb_text][\/et_pb_column][\/et_pb_row][\/et_pb_section][et_pb_section fb_built=&#8221;1&#8243; _builder_version=&#8221;4.7.7&#8243; _module_preset=&#8221;default&#8221; background_color=&#8221;#172f59&#8243; custom_padding=&#8221;||50px|||&#8221; saved_tabs=&#8221;all&#8221;][et_pb_row column_structure=&#8221;1_2,1_2&#8243; _builder_version=&#8221;4.7.7&#8243; _module_preset=&#8221;default&#8221;][et_pb_column type=&#8221;1_2&#8243; _builder_version=&#8221;4.7.7&#8243; _module_preset=&#8221;default&#8221;][et_pb_text _builder_version=&#8221;4.7.7&#8243; _module_preset=&#8221;default&#8221; text_font=&#8221;Roboto|300|||||||&#8221; text_text_color=&#8221;#ffffff&#8221; text_font_size=&#8221;16px&#8221; text_line_height=&#8221;1.5em&#8221; header_6_text_color=&#8221;#ffffff&#8221; header_6_font_size=&#8221;20px&#8221; header_6_letter_spacing=&#8221;1px&#8221; header_6_line_height=&#8221;0em&#8221; custom_margin=&#8221;0px||||false|false&#8221; custom_margin_tablet=&#8221;0px||10px||false|false&#8221; custom_margin_phone=&#8221;&#8221; custom_margin_last_edited=&#8221;on|tablet&#8221;]<\/p>\n<h6 style=\"text-align: center;\"><strong>Sv\u011bd\u00edk Rudolf<\/strong><\/h6>\n<p>[\/et_pb_text][et_pb_text module_class=&#8221;hover-bold&#8221; _builder_version=&#8221;4.7.7&#8243; _module_preset=&#8221;default&#8221; text_font=&#8221;Roboto|300|||||||&#8221; text_text_color=&#8221;#ffffff&#8221; text_font_size=&#8221;16px&#8221; text_line_height=&#8221;1.5em&#8221; header_6_text_color=&#8221;#ffffff&#8221; header_6_font_size=&#8221;20px&#8221; header_6_letter_spacing=&#8221;1px&#8221; header_6_line_height=&#8221;0em&#8221; text_orientation=&#8221;center&#8221; custom_margin=&#8221;0px||0px||false|false&#8221; custom_margin_tablet=&#8221;0px||15px||false|false&#8221; custom_margin_phone=&#8221;&#8221; custom_margin_last_edited=&#8221;on|tablet&#8221;]<\/p>\n<p><span style=\"color: #ffffff;\" hover-bold=\"\"><a href=\"tel:+420607601006\" style=\"color: #ffffff;\">Tel.: +420 607 601 006<br \/> <\/a><\/span><\/p>\n<p>[\/et_pb_text][et_pb_text module_class=&#8221;hover-bold&#8221; _builder_version=&#8221;4.7.7&#8243; _module_preset=&#8221;default&#8221; text_font=&#8221;Roboto|300|||||||&#8221; text_text_color=&#8221;#ffffff&#8221; text_font_size=&#8221;16px&#8221; text_line_height=&#8221;1.5em&#8221; header_6_text_color=&#8221;#ffffff&#8221; header_6_font_size=&#8221;20px&#8221; header_6_letter_spacing=&#8221;1px&#8221; header_6_line_height=&#8221;0em&#8221; text_orientation=&#8221;center&#8221; custom_margin=&#8221;0px||0px||false|false&#8221; custom_margin_tablet=&#8221;0px||15px||false|false&#8221; custom_margin_phone=&#8221;&#8221; custom_margin_last_edited=&#8221;on|tablet&#8221; custom_padding=&#8221;||0px||false|false&#8221; content__hover_enabled=&#8221;on|desktop&#8221; content__hover=&#8221;<\/p>\n<p><span style=%22color: #ffffff;%22><strong><a href=%22mailto:svedikrudolf@svedik.cz%22 style=%22color: #ffffff;%22><span hover-bold=%22%22>svedikrudolf@svedik.cz<\/span><\/a><\/strong><\/span><\/p>\n<p>&#8220;]<\/p>\n<p><a href=\"mailto:svedikrudolf@svedik.cz\"><span hover-bold=\"\"><span style=\"color: #ffffff;\">svedikrudolf@svedik.cz<\/span><\/span><\/a><\/p>\n<p>[\/et_pb_text][\/et_pb_column][et_pb_column type=&#8221;1_2&#8243; _builder_version=&#8221;4.7.7&#8243; _module_preset=&#8221;default&#8221;][et_pb_text _builder_version=&#8221;4.7.7&#8243; _module_preset=&#8221;default&#8221; text_font=&#8221;Roboto|300|||||||&#8221; text_text_color=&#8221;#ffffff&#8221; text_font_size=&#8221;16px&#8221; text_line_height=&#8221;1.5em&#8221; header_6_text_color=&#8221;#ffffff&#8221; header_6_font_size=&#8221;20px&#8221; header_6_letter_spacing=&#8221;1px&#8221; header_6_line_height=&#8221;0em&#8221; custom_margin=&#8221;0px||||false|false&#8221; custom_margin_tablet=&#8221;0px||10px||false|false&#8221; custom_margin_phone=&#8221;&#8221; custom_margin_last_edited=&#8221;on|tablet&#8221;]<\/p>\n<h6 style=\"text-align: center;\"><strong>Sv\u011bd\u00edkov\u00e1 Martina<\/strong><\/h6>\n<p>[\/et_pb_text][et_pb_text module_class=&#8221;hover-bold&#8221; _builder_version=&#8221;4.7.7&#8243; _module_preset=&#8221;default&#8221; text_font=&#8221;Roboto|300|||||||&#8221; text_text_color=&#8221;#ffffff&#8221; text_font_size=&#8221;16px&#8221; text_line_height=&#8221;1.5em&#8221; header_6_text_color=&#8221;#ffffff&#8221; header_6_font_size=&#8221;20px&#8221; header_6_letter_spacing=&#8221;1px&#8221; header_6_line_height=&#8221;0em&#8221; custom_margin=&#8221;0px||0px||false|false&#8221; custom_margin_tablet=&#8221;0px||15px||false|false&#8221; custom_margin_phone=&#8221;&#8221; custom_margin_last_edited=&#8221;on|tablet&#8221;]<\/p>\n<p style=\"text-align: center;\"><span style=\"color: #ffffff;\" hover-bold=\"\"><a href=\"tel:+420736229179\" style=\"color: #ffffff;\">Tel.: +420 736 229 179<\/a><\/span><\/p>\n<p>[\/et_pb_text][et_pb_text module_class=&#8221;hover-bold&#8221; _builder_version=&#8221;4.7.7&#8243; _module_preset=&#8221;default&#8221; text_font=&#8221;Roboto|300|||||||&#8221; text_text_color=&#8221;#ffffff&#8221; text_font_size=&#8221;16px&#8221; text_line_height=&#8221;1.5em&#8221; header_6_text_color=&#8221;#ffffff&#8221; header_6_font_size=&#8221;20px&#8221; header_6_letter_spacing=&#8221;1px&#8221; header_6_line_height=&#8221;0em&#8221; text_orientation=&#8221;center&#8221; custom_margin=&#8221;0px||0px||false|false&#8221; custom_margin_tablet=&#8221;0px||15px||false|false&#8221; custom_margin_phone=&#8221;&#8221; custom_margin_last_edited=&#8221;on|tablet&#8221; custom_padding=&#8221;||0px||false|false&#8221; hover_enabled=&#8221;0&#8243; content__hover_enabled=&#8221;on|hover&#8221; content__hover=&#8221;<\/p>\n<p><strong><span style=%22color: #ffffff;%22><a href=%22mailto:svedikovamartina@svedik.cz%22 style=%22color: #ffffff;%22><span hover-bold=%22%22>svedikovamartina@svedik.cz<\/span><\/a><\/span><\/strong><\/p>\n<p>&#8221; sticky_enabled=&#8221;0&#8243;]<span style=\"color: #ffffff;\"><a href=\"mailto:martinafilipovasvedikova@svedik.cz\" style=\"color: #ffffff;\"><span hover-bold=\"\">martinafilipovasvedikova@svedik.cz<\/span><\/a><\/span>[\/et_pb_text][\/et_pb_column][\/et_pb_row][\/et_pb_section]<\/p>\n","protected":false},"excerpt":{"rendered":"<p>CONTACTHOME \u2014 CONTACTSv\u011bd\u00edk s.r.o.CONTACTNa Kope\u010dku 2 Star\u00e9 Hradi\u0161t\u011b 533 52 I\u010c 275 477 95 DI\u010c CZ 275 477 95 Sp. badge: odd\u00edl C, vlo\u017eka 254 27 Krajsk\u00e9ho soudu v HK CZECH DATA INBOX: ghs5jpc Bank: banka Moneta Money bankCZ: 193 819 505\/0600EUR: 193 819 855\/0600IBAN: CZ6106000 000 000 193 819 855 BIC: AGBACZPP Raal trans [&hellip;]<\/p>\n","protected":false},"author":1,"featured_media":0,"parent":0,"menu_order":0,"comment_status":"closed","ping_status":"closed","template":"","meta":{"_et_pb_use_builder":"on","_et_pb_old_content":"","_et_gb_content_width":"","inline_featured_image":false,"footnotes":""},"class_list":["post-1587","page","type-page","status-publish","hentry"],"yoast_head":"<!-- This site is optimized with the Yoast SEO plugin v21.6 - https:\/\/yoast.com\/wordpress\/plugins\/seo\/ -->\n<title>Contact - Sv\u011bd\u00edk<\/title>\n<meta name=\"robots\" content=\"index, follow, max-snippet:-1, max-image-preview:large, max-video-preview:-1\" \/>\n<link rel=\"canonical\" href=\"https:\/\/svedik.cz\/en\/contact\/\" \/>\n<meta property=\"og:locale\" content=\"en_US\" \/>\n<meta property=\"og:type\" content=\"article\" \/>\n<meta property=\"og:title\" content=\"Contact - Sv\u011bd\u00edk\" \/>\n<meta property=\"og:description\" content=\"CONTACTHOME \u2014 CONTACTSv\u011bd\u00edk s.r.o.CONTACTNa Kope\u010dku 2 Star\u00e9 Hradi\u0161t\u011b 533 52 I\u010c 275 477 95 DI\u010c CZ 275 477 95 Sp. badge: odd\u00edl C, vlo\u017eka 254 27 Krajsk\u00e9ho soudu v HK CZECH DATA INBOX: ghs5jpc Bank: banka Moneta Money bankCZ: 193 819 505\/0600EUR: 193 819 855\/0600IBAN: CZ6106000 000 000 193 819 855 BIC: AGBACZPP Raal trans [&hellip;]\" \/>\n<meta property=\"og:url\" content=\"https:\/\/svedik.cz\/en\/contact\/\" \/>\n<meta property=\"og:site_name\" content=\"Sv\u011bd\u00edk\" \/>\n<meta property=\"article:modified_time\" content=\"2023-08-31T08:03:25+00:00\" \/>\n<meta name=\"twitter:card\" content=\"summary_large_image\" \/>\n<meta name=\"twitter:label1\" content=\"Est. reading time\" \/>\n\t<meta name=\"twitter:data1\" content=\"6 minutes\" \/>\n<script type=\"application\/ld+json\" class=\"yoast-schema-graph\">{\"@context\":\"https:\/\/schema.org\",\"@graph\":[{\"@type\":\"WebPage\",\"@id\":\"https:\/\/svedik.cz\/en\/contact\/\",\"url\":\"https:\/\/svedik.cz\/en\/contact\/\",\"name\":\"Contact - Sv\u011bd\u00edk\",\"isPartOf\":{\"@id\":\"https:\/\/svedik.cz\/#website\"},\"datePublished\":\"2021-01-26T08:10:58+00:00\",\"dateModified\":\"2023-08-31T08:03:25+00:00\",\"breadcrumb\":{\"@id\":\"https:\/\/svedik.cz\/en\/contact\/#breadcrumb\"},\"inLanguage\":\"en-US\",\"potentialAction\":[{\"@type\":\"ReadAction\",\"target\":[\"https:\/\/svedik.cz\/en\/contact\/\"]}]},{\"@type\":\"BreadcrumbList\",\"@id\":\"https:\/\/svedik.cz\/en\/contact\/#breadcrumb\",\"itemListElement\":[{\"@type\":\"ListItem\",\"position\":1,\"name\":\"Dom\u016f\",\"item\":\"https:\/\/svedik.cz\/en\/\"},{\"@type\":\"ListItem\",\"position\":2,\"name\":\"Contact\"}]},{\"@type\":\"WebSite\",\"@id\":\"https:\/\/svedik.cz\/#website\",\"url\":\"https:\/\/svedik.cz\/\",\"name\":\"Sv\u011bd\u00edk\",\"description\":\"Mezin\u00e1rodn\u00ed p\u0159eprava, p\u0159epravn\u00ed spole\u010dnost\",\"potentialAction\":[{\"@type\":\"SearchAction\",\"target\":{\"@type\":\"EntryPoint\",\"urlTemplate\":\"https:\/\/svedik.cz\/?s={search_term_string}\"},\"query-input\":\"required name=search_term_string\"}],\"inLanguage\":\"en-US\"}]}<\/script>\n<!-- \/ Yoast SEO plugin. -->","yoast_head_json":{"title":"Contact - Sv\u011bd\u00edk","robots":{"index":"index","follow":"follow","max-snippet":"max-snippet:-1","max-image-preview":"max-image-preview:large","max-video-preview":"max-video-preview:-1"},"canonical":"https:\/\/svedik.cz\/en\/contact\/","og_locale":"en_US","og_type":"article","og_title":"Contact - Sv\u011bd\u00edk","og_description":"CONTACTHOME \u2014 CONTACTSv\u011bd\u00edk s.r.o.CONTACTNa Kope\u010dku 2 Star\u00e9 Hradi\u0161t\u011b 533 52 I\u010c 275 477 95 DI\u010c CZ 275 477 95 Sp. badge: odd\u00edl C, vlo\u017eka 254 27 Krajsk\u00e9ho soudu v HK CZECH DATA INBOX: ghs5jpc Bank: banka Moneta Money bankCZ: 193 819 505\/0600EUR: 193 819 855\/0600IBAN: CZ6106000 000 000 193 819 855 BIC: AGBACZPP Raal trans [&hellip;]","og_url":"https:\/\/svedik.cz\/en\/contact\/","og_site_name":"Sv\u011bd\u00edk","article_modified_time":"2023-08-31T08:03:25+00:00","twitter_card":"summary_large_image","twitter_misc":{"Est. reading time":"6 minutes"},"schema":{"@context":"https:\/\/schema.org","@graph":[{"@type":"WebPage","@id":"https:\/\/svedik.cz\/en\/contact\/","url":"https:\/\/svedik.cz\/en\/contact\/","name":"Contact - Sv\u011bd\u00edk","isPartOf":{"@id":"https:\/\/svedik.cz\/#website"},"datePublished":"2021-01-26T08:10:58+00:00","dateModified":"2023-08-31T08:03:25+00:00","breadcrumb":{"@id":"https:\/\/svedik.cz\/en\/contact\/#breadcrumb"},"inLanguage":"en-US","potentialAction":[{"@type":"ReadAction","target":["https:\/\/svedik.cz\/en\/contact\/"]}]},{"@type":"BreadcrumbList","@id":"https:\/\/svedik.cz\/en\/contact\/#breadcrumb","itemListElement":[{"@type":"ListItem","position":1,"name":"Dom\u016f","item":"https:\/\/svedik.cz\/en\/"},{"@type":"ListItem","position":2,"name":"Contact"}]},{"@type":"WebSite","@id":"https:\/\/svedik.cz\/#website","url":"https:\/\/svedik.cz\/","name":"Sv\u011bd\u00edk","description":"Mezin\u00e1rodn\u00ed p\u0159eprava, p\u0159epravn\u00ed spole\u010dnost","potentialAction":[{"@type":"SearchAction","target":{"@type":"EntryPoint","urlTemplate":"https:\/\/svedik.cz\/?s={search_term_string}"},"query-input":"required name=search_term_string"}],"inLanguage":"en-US"}]}},"_links":{"self":[{"href":"https:\/\/svedik.cz\/en\/wp-json\/wp\/v2\/pages\/1587","targetHints":{"allow":["GET"]}}],"collection":[{"href":"https:\/\/svedik.cz\/en\/wp-json\/wp\/v2\/pages"}],"about":[{"href":"https:\/\/svedik.cz\/en\/wp-json\/wp\/v2\/types\/page"}],"author":[{"embeddable":true,"href":"https:\/\/svedik.cz\/en\/wp-json\/wp\/v2\/users\/1"}],"replies":[{"embeddable":true,"href":"https:\/\/svedik.cz\/en\/wp-json\/wp\/v2\/comments?post=1587"}],"version-history":[{"count":3,"href":"https:\/\/svedik.cz\/en\/wp-json\/wp\/v2\/pages\/1587\/revisions"}],"predecessor-version":[{"id":1628,"href":"https:\/\/svedik.cz\/en\/wp-json\/wp\/v2\/pages\/1587\/revisions\/1628"}],"wp:attachment":[{"href":"https:\/\/svedik.cz\/en\/wp-json\/wp\/v2\/media?parent=1587"}],"curies":[{"name":"wp","href":"https:\/\/api.w.org\/{rel}","templated":true}]}}